{"id":2207,"date":"2022-11-03T14:09:31","date_gmt":"2022-11-03T14:09:31","guid":{"rendered":"https:\/\/lyaelectricosyconstrucciones.com\/?post_type=product&#038;p=2207"},"modified":"2026-03-10T00:10:17","modified_gmt":"2026-03-10T00:10:17","slug":"tuberia-pvc-y-sch-40","status":"publish","type":"product","link":"https:\/\/lyaelectricosyconstrucciones.com\/?product=tuberia-pvc-y-sch-40","title":{"rendered":"TUBERIA PVC"},"content":{"rendered":"<p>El PVC\u00a0es un material muy valorado por los profesionales del sector de la construcci\u00f3n por su capacidad aislante. Ello lo que lo hace perfecto para su utilizaci\u00f3n en perfiles, placas aislantes, fundas para cable el\u00e9ctrico, suelos para interior y exterior.<\/p>\n<p>ACCESORIOS TUBERIA PVC:<\/p>\n<p>CURVA 90<\/p>\n<p>CURVA 45<\/p>\n<p>TERMINAL PVC<\/p>\n<p>UNION PVC<\/p>\n<p>CAJA 2400 PVC<\/p>\n<p>CAJA 5800 PVC<\/p>\n<p>CAJA OCTAGONAL PVC<\/p>\n","protected":false},"excerpt":{"rendered":"<p>El PVC\u00a0es un material muy valorado por los profesionales del sector de la construcci\u00f3n por su capacidad aislante. Ello lo que lo hace perfecto para su utilizaci\u00f3n en perfiles, placas aislantes, fundas para cable el\u00e9ctrico, suelos para interior y exterior.<\/p>\n<p>ACCESORIOS TUBERIA PVC:<\/p>\n<p>CURVA 90<\/p>\n<p>CURVA 45<\/p>\n<p>TERMINAL PVC<\/p>\n<p>UNION PVC<\/p>\n<p>CAJA 2400 PVC<\/p>\n<p>CAJA 5800 PVC<\/p>\n<p>CAJA OCTAGONAL PVC<\/p>\n","protected":false},"featured_media":2306,"comment_status":"open","ping_status":"closed","template":"","meta":{"site-sidebar-layout":"default","site-content-layout":"default","ast-site-content-layout":"default","site-content-style":"default","site-sidebar-style":"default","ast-global-header-display":"","ast-banner-title-visibility":"","ast-main-header-display":"","ast-hfb-above-header-display":"","ast-hfb-below-header-display":"","ast-hfb-mobile-header-display":"","site-post-title":"","ast-breadcrumbs-content":"","ast-featured-img":"","footer-sml-layout":"","ast-disable-related-posts":"","theme-transparent-header-meta":"default","adv-header-id-meta":"","stick-header-meta":"","header-above-stick-meta":"","header-main-stick-meta":"","header-below-stick-meta":"","astra-migrate-meta-layouts":"default","ast-page-background-enabled":"default","ast-page-background-meta":{"desktop":{"background-color":"","background-image":"","background-repeat":"repeat","background-position":"center center","background-size":"auto","background-attachment":"scroll","background-type":"","background-media":"","overlay-type":"","overlay-color":"","overlay-opacity":"","overlay-gradient":""},"tablet":{"background-color":"","background-image":"","background-repeat":"repeat","background-position":"center center","background-size":"auto","background-attachment":"scroll","background-type":"","background-media":"","overlay-type":"","overlay-color":"","overlay-opacity":"","overlay-gradient":""},"mobile":{"background-color":"","background-image":"","background-repeat":"repeat","background-position":"center center","background-size":"auto","background-attachment":"scroll","background-type":"","background-media":"","overlay-type":"","overlay-color":"","overlay-opacity":"","overlay-gradient":""}},"ast-content-background-meta":{"desktop":{"background-color":"var(--ast-global-color-5)","background-image":"","background-repeat":"repeat","background-position":"center center","background-size":"auto","background-attachment":"scroll","background-type":"","background-media":"","overlay-type":"","overlay-color":"","overlay-opacity":"","overlay-gradient":""},"tablet":{"background-color":"var(--ast-global-color-5)","background-image":"","background-repeat":"repeat","background-position":"center center","background-size":"auto","background-attachment":"scroll","background-type":"","background-media":"","overlay-type":"","overlay-color":"","overlay-opacity":"","overlay-gradient":""},"mobile":{"background-color":"var(--ast-global-color-5)","background-image":"","background-repeat":"repeat","background-position":"center center","background-size":"auto","background-attachment":"scroll","background-type":"","background-media":"","overlay-type":"","overlay-color":"","overlay-opacity":"","overlay-gradient":""}}},"product_brand":[],"product_cat":[59],"product_tag":[],"class_list":{"0":"post-2207","1":"product","2":"type-product","3":"status-publish","4":"has-post-thumbnail","6":"product_cat-tuberias","7":"desktop-align-left","8":"tablet-align-left","9":"mobile-align-left","11":"first","12":"instock","13":"shipping-taxable","14":"product-type-simple"},"_links":{"self":[{"href":"https:\/\/lyaelectricosyconstrucciones.com\/index.php?rest_route=\/wp\/v2\/product\/2207","targetHints":{"allow":["GET"]}}],"collection":[{"href":"https:\/\/lyaelectricosyconstrucciones.com\/index.php?rest_route=\/wp\/v2\/product"}],"about":[{"href":"https:\/\/lyaelectricosyconstrucciones.com\/index.php?rest_route=\/wp\/v2\/types\/product"}],"replies":[{"embeddable":true,"href":"https:\/\/lyaelectricosyconstrucciones.com\/index.php?rest_route=%2Fwp%2Fv2%2Fcomments&post=2207"}],"wp:featuredmedia":[{"embeddable":true,"href":"https:\/\/lyaelectricosyconstrucciones.com\/index.php?rest_route=\/wp\/v2\/media\/2306"}],"wp:attachment":[{"href":"https:\/\/lyaelectricosyconstrucciones.com\/index.php?rest_route=%2Fwp%2Fv2%2Fmedia&parent=2207"}],"wp:term":[{"taxonomy":"product_brand","embeddable":true,"href":"https:\/\/lyaelectricosyconstrucciones.com\/index.php?rest_route=%2Fwp%2Fv2%2Fproduct_brand&post=2207"},{"taxonomy":"product_cat","embeddable":true,"href":"https:\/\/lyaelectricosyconstrucciones.com\/index.php?rest_route=%2Fwp%2Fv2%2Fproduct_cat&post=2207"},{"taxonomy":"product_tag","embeddable":true,"href":"https:\/\/lyaelectricosyconstrucciones.com\/index.php?rest_route=%2Fwp%2Fv2%2Fproduct_tag&post=2207"}],"curies":[{"name":"wp","href":"https:\/\/api.w.org\/{rel}","templated":true}]}}